{"id":1414,"date":"2014-08-27T13:55:07","date_gmt":"2014-08-27T13:55:07","guid":{"rendered":"http:\/\/www.trastersvilassar.com\/?page_id=1414"},"modified":"2024-05-30T15:51:26","modified_gmt":"2024-05-30T15:51:26","slug":"condicions-d-us","status":"publish","type":"page","link":"https:\/\/www.trastersvilassar.com\/es\/condicions-d-us\/","title":{"rendered":"Condiciones de uso"},"content":{"rendered":"<p><!--:ca-->En cumplimiento de la Ley 34\/2002, de 11 de julio, de Servicios de la Sociedad de la Informaci\u00f3n de Comercio Electr\u00f3nico (LSSI-CE), TRASTERS VILASSAR informa de que es titular del sitio web www.trastersvilassar.com. De acuerdo con la exigencia del art\u00edculo 10 de la mencionada Ley, TRASTERS VILASSAR informa de los siguientes datos:<\/p>\n\n\n\n<p>El titular de este sitio web es Sant Mag\u00ed Vilassar de Mar, SL, con CIF B-62339247 y domicilio social en calle Llu\u00eds Jover, 67-73, inscrita en el Registro Mercantil. La direcci\u00f3n de correo electr\u00f3nico de contacto con la empresa es:\ntrastersvilassar@gmail.com.<br>trastersvilassar@gmail.com.<\/p>\n\n\n\n<p><strong>USUARIO Y R\u00c9GIMEN DE RESPONSABILIDADES<\/strong><\/p>\n\n\n\n<p>La navegaci\u00f3n, acceso y uso por el sitio web de TRASTERS VILASSAR confiere la condici\u00f3n de usuario, por la que se aceptan, desde la navegaci\u00f3n por el sitio web de TRASTERS VILASSAR, todas las condiciones de uso aqu\u00ed establecidas sin perjuicio de la aplicaci\u00f3n de la correspondiente normativa de obligado cumplimiento legal seg\u00fan el caso.<\/p>\n\n\n\n<p>El sitio web de TRASTERS VILASSAR proporciona gran diversidad de informaci\u00f3n, servicios y datos. El usuario asume su responsabilidad en el uso correcto del sitio web. esta responsabilidad se extender\u00e1 a:<\/p>\n\n\n\n<p>\u2013 La veracidad y licitud de las informaciones aportadas por el usuario en los formularios extendidos por TRASTERS VILASSAR para el acceso a ciertos contenidos o servicios ofrecidos por la web.<\/p>\n\n\n\n<p>\u2013 El uso de la informaci\u00f3n, servicios y datos ofrecidos por TRASTERS VILASSAR contrariamente a lo dispuesto por las presentes condiciones, la Ley, la moral, las buenas costumbres o el orden p\u00fablico, o que de cualquier otro modo puedan suponer lesi\u00f3n de los derechos de terceros o del mismo funcionamiento del sitio web.<\/p>\n\n\n\n<p><strong>POL\u00cdTICA DE ENLACES Y EXENCIONES DE RESPONSABILIDAD<\/strong><\/p>\n\n\n\n<p>TRASTERS VILASSAR no se hace responsable del contenido de los sitios web a los que el usuario pueda acceder a trav\u00e9s de los enlaces establecidos en su sitio web y declara que en ning\u00fan caso proceder\u00e1 a examinar o ejercitar ning\u00fan tipo de control sobre el contenido de otros sitios de la red. Asimismo, tampoco garantizar\u00e1 la disponibilidad t\u00e9cnica, exactitud, veracidad, validez o legalidad de lugares ajenos a su propiedad a los que se pueda acceder por medio de los enlaces.<\/p>\n\n\n\n<p>TRASTERS VILASSAR declara haber adoptado todas las medidas necesarias para evitar cualquier da\u00f1o a los usuarios de su sitio web, que pudieran derivarse de la navegaci\u00f3n por su sitio web. En consecuencia, TRASTERS VILASSAR no se hace responsable, en ning\u00fan caso, de los eventuales da\u00f1os que por la navegaci\u00f3n por Internet pudiera sufrir el usuario.<\/p>\n\n\n\n<p><strong>MODIFICACIONES<\/strong><\/p>\n\n\n\n<p>TRASTERS VILASSAR se reserva el derecho a realizar las modificaciones que considere oportunas, sin aviso previo, en el contenido de su sitio web. Tanto en lo referente a los contenidos del sitio web, como en las condiciones de uso del mismo. estas modificaciones podr\u00e1n realizarse a trav\u00e9s de su sitio web por cualquier forma admisible en derecho y ser\u00e1n de obligado cumplimiento durante el tiempo en que se encuentren publicadas en la web y hasta que no sean modificadas v\u00e1lidamente por otras posteriores.<\/p>\n\n\n\n<p><strong>PROPIEDAD INTELECTUAL E INDUSTRIAL<\/strong><\/p>\n\n\n\n<p>TRASTERS VILASSAR por s\u00ed misma o como cesionaria, es titular de todos los derechos de propiedad intelectual e industrial de su p\u00e1gina web, as\u00ed como de los elementos contenidos en la misma (a t\u00edtulo enunciativo, im\u00e1genes, sonido, audio, v\u00eddeo, software o textos; marcas o logotipos, combinaciones de colores, estructura y dise\u00f1o, selecci\u00f3n de materiales usados, programas de ordenador necesarios para su funcionamiento, acceso y uso, etc), titularidad de TRASTERS VILASSAR. Ser\u00e1n, por tanto, obras protegidas como propiedad intelectual por el ordenamiento jur\u00eddico espa\u00f1ol, si\u00e9ndoles aplicables tanto la normativa espa\u00f1ola y comunitaria en este campo, como los tratados internacionales relativos a la materia y suscritos por Espa\u00f1a.<\/p>\n\n\n\n<p>Todos los derechos reservados. En virtud de lo dispuesto en los art\u00edculos 8 y 32.1, p\u00e1rrafo segundo, de la Ley de Propiedad Intelectual, quedan expresamente prohibidas la reproducci\u00f3n, la distribuci\u00f3n y la comunicaci\u00f3n p\u00fablica, incluida su modalidad de puesta a disposici\u00f3n, de la totalidad o parte de los contenidos de esta p\u00e1gina web, con fines comerciales, en cualquier soporte y por cualquier medio t\u00e9cnico, sin la autorizaci\u00f3n de TRASTERS VILASSAR. <\/p>\n\n\n\n<p>El usuario se compromete a respetar los derechos de Propiedad Intelectual e Industrial titularidad de TRASTERS VILASSAR. Podr\u00e1 visualizar los elementos del portal e incluso imprimirlos, copiarlos y almacenarlos en el disco duro de su ordenador o en cualquier otro soporte f\u00edsico siempre y cuando sea, \u00fanica y exclusivamente, para su uso personal y privado. El usuario deber\u00e1 abstenerse de suprimir, alterar, eludir o manipular cualquier dispositivo de protecci\u00f3n o sistema de seguridad que estuviera instalado en las p\u00e1ginas de TRASTERS VILASSAR.<\/p>\n\n\n\n<p><strong>ACCIONES LEGALES, LEGISLACI\u00d3N APLICABLE Y JURISDICCI\u00d3N<\/strong><\/p>\n\n\n\n<p>TRASTERS VILASSAR se reserva, asimismo, la facultad de presentar las acciones civiles o penales que considere oportunas por la utilizaci\u00f3n indebida de su sitio web y contenidos, o por el incumplimiento de las presentes condiciones.<\/p>\n\n\n\n<p>La relaci\u00f3n entre el usuario y el prestador se regir\u00e1 por la normativa vigente y de aplicaci\u00f3n en el territorio espa\u00f1ol. De surgir cualquier controversia las partes podr\u00e1n someter sus conflictos a arbitraje o acudir a la jurisdicci\u00f3n ordinaria cumpliendo con las normas sobre jurisdicci\u00f3n y competencia al respecto. TRASTERS VILASSAR tiene su domicilio en BARCELONA, Espa\u00f1a.<\/p>\n\n\n\n<p><strong>Pol\u00edtica de privacidad redes sociales<\/strong><\/p>\n\n\n\n<p>En cumplimiento de la Ley Org\u00e1nica 15\/1999, de 13 de diciembre, de Protecci\u00f3n de Datos de Car\u00e1cter Personal (LOPD) y la Ley 34\/2002, de 11 de julio, de Servicios de la Sociedad de la Informaci\u00f3n y de Comercio Electr\u00f3nico (LSSI-CE), TRASTERS VILASSAR informa a los usuarios, que ha procedido a crear un perfil en las redes sociales Facebook y Twitter, con la finalidad principal de publicitar sus productos y servicios.<\/p>\n\n\n\n<p>Datos de TRASTERS VILASSAR: Sant Mag\u00ed<br>CIF B-62339247<br>Direcci\u00f3n: carrer Llu\u00eds Jover, 67-73, de Vilassar de Mar<br>trastersvilassar@gmail.com<br>www.trastersvilassar.com<\/p>\n\n\n\n<p>El usuario dispone de un perfil en la misma Red Social y ha decidido unirse a la p\u00e1gina creada por TRASTERS VILASSAR, mostrando as\u00ed inter\u00e9s en la informaci\u00f3n que se publicite en la red. Al unirse a nuestra p\u00e1gina, nos facilita su consentimiento para el tratamiento de aquellos datos personales publicados en su perfil.<\/p>\n\n\n\n<p>El usuario puede acceder en todo momento a las pol\u00edticas de privacidad de la propia Red Social, as\u00ed como configurar su perfil para garantizar su privacidad.<\/p>\n\n\n\n<p>TRASTERS VILASSAR tiene acceso y trata la informaci\u00f3n p\u00fablica del usuario, en especial, su nombre de contacto. Estos datos, s\u00f3lo son utilizados dentro de la propia Red Social. No son incorporados a ning\u00fan fichero.<\/p>\n\n\n\n<p>En relaci\u00f3n a los derechos de acceso, rectificaci\u00f3n, cancelaci\u00f3n y oposici\u00f3n, de los que usted dispone y que pueden ser ejercitados ante TRASTERS VILASSAR, de acuerdo con la LOPD, debe tener en cuenta los siguientes matices:<\/p>\n\n\n\n<p>-Acceso: Vendr\u00e1 definido por la funcionalidad de la Red Social y la capacidad de acceso a la informaci\u00f3n de los perfiles de los usuarios.<\/p>\n\n\n\n<p>\u2013 Rectificaci\u00f3n: s\u00f3lo puede satisfacer en relaci\u00f3n a la informaci\u00f3n que se encuentre bajo el control de TRASTERS VILASSAR, por ejemplo, eliminar comentarios publicados en la propia p\u00e1gina. Normalmente, este derecho ha ejercer ante la Red Social.<\/p>\n\n\n\n<p>-Cancelaci\u00f3n Y \/ o Oposici\u00f3n: Como en el caso anterior, s\u00f3lo podr\u00e1 satisfacer en relaci\u00f3n a la informaci\u00f3n que se encuentre bajo el control de TRASTERS VILASSAR, por ejemplo, dejar de estar unido al perfil.<\/p>\n\n\n\n<p>TRASTERS VILASSAR realizar\u00e1 las siguientes actuaciones:<\/p>\n\n\n\n<p>\u2013 Acceso a la informaci\u00f3n p\u00fablica del perfil.<\/p>\n\n\n\n<p>\u2013 Publicaci\u00f3n en el perfil del usuario de toda aquella informaci\u00f3n ya publicada en la p\u00e1gina TRASTERS VILASSAR.<\/p>\n\n\n\n<p>\u2013 Enviar mensajes personales e individuales a trav\u00e9s de los canales de la Red Social.<\/p>\n\n\n\n<p>\u2013 Actualizaciones del estado de la p\u00e1gina que se publicar\u00e1n en el perfil del usuario. <\/p>\n\n\n\n<p>El usuario siempre puede controlar sus conexiones, eliminar los contenidos que dejen de interesar y restringir con quien comparte sus conexiones, para ello deber\u00e1 acceder a su configuraci\u00f3n de privacidad.<\/p>\n\n\n\n<p>El usuario, una vez unido a la p\u00e1gina de TRASTERS VILASSAR, podr\u00e1 publicar en esta \u00faltima comentarios, enlaces, im\u00e1genes o fotograf\u00edas o cualquier otro tipo de contenido multimedia soportado por la Red Social. El usuario, en todos los casos, debe ser el titular de los mismos, disfrutar de los derechos de autor y de propiedad intelectual o contar con el consentimiento de los terceros afectados. Se proh\u00edbe expresamente cualquier publicaci\u00f3n en la p\u00e1gina, ya sean textos, gr\u00e1ficos, fotograf\u00edas, v\u00eddeos, etc que atenten o sean susceptibles de atentar contra la moral, la \u00e9tica, el buen gusto o el decoro, y \/ o que infrinjan, violen o rompan los derechos de propiedad intelectual o industrial, el derecho a la imagen o la ley.<\/p>\n\n\n\n<p>En estos casos, TRASTERS VILASSAR se reserva el derecho a retirar inmediatamente el contenido, pudiendo solicitar el bloqueo permanente del usuario.<\/p>\n\n\n\n<p>TRASTERS VILASSAR no se har\u00e1 responsable de los contenidos que libremente ha publicado un usuario.<\/p>\n\n\n\n<p>El usuario debe tener presente que sus publicaciones ser\u00e1n conocidas por los otros usuarios, por lo que \u00e9l mismo es el principal responsable de su privacidad. Las im\u00e1genes se puedan publicar en la p\u00e1gina no ser\u00e1n almacenados en ning\u00fan fichero por parte de TRASTERS VILASSAR, pero s\u00ed que permanecer\u00e1n en la Red Social.<\/p>\n\n\n\n<p><strong>Concursos y promociones<\/strong><\/p>\n\n\n\n<p>TRASTERS VILASSAR se reserva el derecho a realizar concursos y promociones, en los que podr\u00e1 participar el usuario unido a su p\u00e1gina. Las bases de cada uno de ellos, cuando se utilice para ello la plataforma de la Red Social, ser\u00e1n publicadas en la misma. cumpliendo siempre con la LSSI-CE y con cualquier otra norma que le sea aplicable. La Red Social no patrocina, avala ni administra, de ninguna manera, ninguna de nuestras promociones, ni est\u00e1 asociada a ninguna de ellas.<\/p>\n\n\n\n<p><strong>Publicidad<\/strong><\/p>\n\n\n\n<p>TRASTERS VILASSAR utilizar\u00e1 la Red Social para publicitar sus productos y servicios, en todo caso, si decide tratar sus datos de contacto para realizar acciones directas de prospecci\u00f3n comercial, ser\u00e1 siempre, cumpliendo con las exigencias legales de la LOPD y de la LSSI -CE.<\/p>\n\n\n\n<p>No se considerar\u00e1 publicidad el hecho de recomendar a otros usuarios la p\u00e1gina TRASTERS VILASSAR para que tambi\u00e9n ellos puedan disfrutar de las promociones o estar informados de su actividad.<\/p>\n\n\n\n<p>A continuaci\u00f3n detallamos el enlace a la pol\u00edtica de privacidad de la Red Social:<br>Facebook: https:\/\/www.facebook.com\/help\/323540651073243\/<br>Twitter: https:\/\/twitter.com\/privacy<\/p>\n\n\n\n<div style=\"height:100px\" aria-hidden=\"true\" class=\"wp-block-spacer\"><\/div>","protected":false},"excerpt":{"rendered":"<p>En compliment de la Llei 34\/2002, de 11 de juliol, de Serveis de la Societat de la Informaci\u00f3i de Comer\u00e7 Electr\u00f2nic (LSSI-CE), TRASTERS VILASSAR informa que \u00e9s titular del lloc web www.trastersvilassar.com. D&#8217;acord amb l&#8217;exig\u00e8ncia de l&#8217;article 10 de la esmentada Llei, TRASTERS VILASSAR informa de les seg\u00fcents dades: El titular d&#8217;aquest lloc web \u00e9s [&hellip;]<\/p>\n","protected":false},"author":4,"featured_media":0,"parent":0,"menu_order":0,"comment_status":"closed","ping_status":"closed","template":"","meta":{"footnotes":""},"class_list":["post-1414","page","type-page","status-publish","hentry"],"_links":{"self":[{"href":"https:\/\/www.trastersvilassar.com\/es\/wp-json\/wp\/v2\/pages\/1414","targetHints":{"allow":["GET"]}}],"collection":[{"href":"https:\/\/www.trastersvilassar.com\/es\/wp-json\/wp\/v2\/pages"}],"about":[{"href":"https:\/\/www.trastersvilassar.com\/es\/wp-json\/wp\/v2\/types\/page"}],"author":[{"embeddable":true,"href":"https:\/\/www.trastersvilassar.com\/es\/wp-json\/wp\/v2\/users\/4"}],"replies":[{"embeddable":true,"href":"https:\/\/www.trastersvilassar.com\/es\/wp-json\/wp\/v2\/comments?post=1414"}],"version-history":[{"count":11,"href":"https:\/\/www.trastersvilassar.com\/es\/wp-json\/wp\/v2\/pages\/1414\/revisions"}],"predecessor-version":[{"id":1670,"href":"https:\/\/www.trastersvilassar.com\/es\/wp-json\/wp\/v2\/pages\/1414\/revisions\/1670"}],"wp:attachment":[{"href":"https:\/\/www.trastersvilassar.com\/es\/wp-json\/wp\/v2\/media?parent=1414"}],"curies":[{"name":"wp","href":"https:\/\/api.w.org\/{rel}","templated":true}]}}