{"id":1561,"date":"2024-05-30T13:33:54","date_gmt":"2024-05-30T13:33:54","guid":{"rendered":"https:\/\/www.trastersvilassar.com\/?page_id=1561"},"modified":"2024-05-30T13:33:56","modified_gmt":"2024-05-30T13:33:56","slug":"configurar-cookies-es","status":"publish","type":"page","link":"https:\/\/www.trastersvilassar.com\/es\/configurar-cookies-es\/","title":{"rendered":"C\u00f3mo configurar cookies"},"content":{"rendered":"<p>TRASTERS VILASSAR informa al usuario que tiene la posibilidad de configurar su navegador de forma que le informe de la recepci\u00f3n de cookies, pudiendo, si as\u00ed lo desea, impedir que sean instaladas en su disco duro.<\/p>\n\n\n\n<p>A continuaci\u00f3n os proporcionamos los enlaces de varios navegadores, a trav\u00e9s de los cuales podr\u00e1 realizar esta configuraci\u00f3n:<\/p>\n\n\n\n<p><strong>Firefox desde aqu\u00ed:<\/strong> <a href=\"http:\/\/support.mozilla.org\/es\/kb\/habilitar-y-desactivarlo cookies-que-lossitios-we\" target=\"_blank\" rel=\"noopener\" title=\"\">http:\/\/support.mozilla.org\/es\/kb\/habilitar-y-desactivarlo cookies-que-lossitios-we<\/a><\/p>\n\n\n\n<p><strong>Chrome desde aqu\u00ed:<\/strong> <a href=\"http:\/\/support.google.com\/chrome\/bin\/answer.py?hl=es&amp;answer=95647\" target=\"_blank\" rel=\"noopener\" title=\"\">http:\/\/support.google.com\/chrome\/bin\/answer.py?hl=es&amp;amp;answer=95647<\/a><\/p>\n\n\n\n<p><strong>Explorer desde aqu\u00ed: <\/strong><a href=\"http:\/\/windows.microsoft.com\/es-es\/internet-explorer\/delete-managecookies#ie = ye-10\" target=\"_blank\" rel=\"noopener\" title=\"\">http:\/\/windows.microsoft.com\/es-es\/internet-explorer\/delete-managecookies#ie = ye-10<\/a><\/p>\n\n\n\n<p><strong>Safari desde aqu\u00ed:<\/strong> <a href=\"http:\/\/support.apple.com\/kb\/ph5042\" target=\"_blank\" rel=\"noopener\" title=\"\">http:\/\/support.apple.com\/kb\/ph5042<\/a><\/p>\n\n\n\n<p><strong>Opera desde aqu\u00ed:<\/strong> <a href=\"http:\/\/help.opera.com\/Windows\/11.50\/es-ES\/cookies.html\" target=\"_blank\" rel=\"noopener\" title=\"\">http:\/\/help.opera.com\/Windows\/11.50\/es-ES\/cookies.html<\/a><\/p>","protected":false},"excerpt":{"rendered":"<p>TRASTERS VILASSAR informa al usuario que tiene la posibilidad de configurar su navegador de forma que le informe de la recepci\u00f3n de cookies, pudiendo, si as\u00ed lo desea, impedir que sean instaladas en su disco duro. A continuaci\u00f3n os proporcionamos los enlaces de varios navegadores, a trav\u00e9s de los cuales podr\u00e1 realizar esta configuraci\u00f3n: Firefox [&hellip;]<\/p>\n","protected":false},"author":4,"featured_media":0,"parent":0,"menu_order":0,"comment_status":"closed","ping_status":"closed","template":"","meta":{"footnotes":""},"class_list":["post-1561","page","type-page","status-publish","hentry"],"_links":{"self":[{"href":"https:\/\/www.trastersvilassar.com\/es\/wp-json\/wp\/v2\/pages\/1561","targetHints":{"allow":["GET"]}}],"collection":[{"href":"https:\/\/www.trastersvilassar.com\/es\/wp-json\/wp\/v2\/pages"}],"about":[{"href":"https:\/\/www.trastersvilassar.com\/es\/wp-json\/wp\/v2\/types\/page"}],"author":[{"embeddable":true,"href":"https:\/\/www.trastersvilassar.com\/es\/wp-json\/wp\/v2\/users\/4"}],"replies":[{"embeddable":true,"href":"https:\/\/www.trastersvilassar.com\/es\/wp-json\/wp\/v2\/comments?post=1561"}],"version-history":[{"count":1,"href":"https:\/\/www.trastersvilassar.com\/es\/wp-json\/wp\/v2\/pages\/1561\/revisions"}],"predecessor-version":[{"id":1568,"href":"https:\/\/www.trastersvilassar.com\/es\/wp-json\/wp\/v2\/pages\/1561\/revisions\/1568"}],"wp:attachment":[{"href":"https:\/\/www.trastersvilassar.com\/es\/wp-json\/wp\/v2\/media?parent=1561"}],"curies":[{"name":"wp","href":"https:\/\/api.w.org\/{rel}","templated":true}]}}