{"id":641,"date":"2012-06-04T18:07:20","date_gmt":"2012-06-04T18:07:20","guid":{"rendered":"http:\/\/dmanh.com\/wpd\/?page_id=641"},"modified":"2025-05-20T08:52:04","modified_gmt":"2025-05-20T08:52:04","slug":"home","status":"publish","type":"page","link":"https:\/\/www.trastersvilassar.com\/es\/","title":{"rendered":"Inicio"},"content":{"rendered":"<main class=\"wp-block-group alignfull is-layout-flow wp-container-core-group-is-layout-bb62f62d wp-block-group-is-layout-flow\" style=\"margin-top:0\">\n<div class=\"wp-block-group alignfull is-vertical is-content-justification-center is-layout-flex wp-container-core-group-is-layout-49619c52 wp-block-group-is-layout-flex\" style=\"padding-top:var(--wp--preset--spacing--40);padding-right:var(--wp--preset--spacing--50);padding-bottom:var(--wp--preset--spacing--40);padding-left:var(--wp--preset--spacing--50)\">\n<h1 class=\"wp-block-heading has-text-align-center has-x-large-font-size\" style=\"font-style:normal;font-weight:700\">\u00bfNo tienes suficiente espacio en casa?<\/h1>\n\n\n\n<h2 class=\"wp-block-heading has-text-align-center is-style-default has-large-font-size\">\u00bfNo sabes d\u00f3nde guardar la ropa de fuera de temporada, los esqu\u00eds, la bicicleta\u2026?<\/h2>\n\n\n\n<h2 class=\"wp-block-heading has-text-align-center is-style-default has-large-font-size\" style=\"font-style:normal;font-weight:700\">\u00bfTienes que hacer un traslado y necesitas espacio?<\/h2>\n\n\n\n<div class=\"wp-block-group has-global-padding is-layout-constrained wp-container-core-group-is-layout-5e5f5312 wp-block-group-is-layout-constrained\" style=\"padding-top:var(--wp--preset--spacing--20);padding-bottom:var(--wp--preset--spacing--20)\">\n<p class=\"has-text-align-center\">En Trasters Vilassar tenemos el espacio que necesitas. Ofrecemos trasteros de diferentes medidas que se adecuan a las necesidades de cada persona, con videovigilancia 24 horas al d\u00eda y f\u00e1cil acceso con tu veh\u00edculo.<\/p>\n\n\n\n<div style=\"height:30px\" aria-hidden=\"true\" class=\"wp-block-spacer\"><\/div>\n\n\n\n<div class=\"wp-block-buttons is-content-justification-center is-layout-flex wp-container-core-buttons-is-layout-a89b3969 wp-block-buttons-is-layout-flex\">\n<div class=\"wp-block-button\"><a class=\"wp-block-button__link wp-element-button\" href=\"https:\/\/www.trastersvilassar.com\/es\/contacte\/\">Cons\u00faltanos<\/a><\/div>\n<\/div>\n<\/div>\n\n\n\n<figure class=\"wp-block-image alignwide size-full has-custom-border is-style-default wp-duotone-unset-1\"><a href=\"https:\/\/www.trastersvilassar.com\/es\/galeria\/\"><img loading=\"lazy\" decoding=\"async\" width=\"940\" height=\"376\" src=\"https:\/\/www.trastersvilassar.com\/wp-content\/uploads\/2018\/05\/trasters_vilassar_trasteros_2018.jpg\" alt=\"\" class=\"wp-image-1442\" style=\"border-radius:40px\" srcset=\"https:\/\/www.trastersvilassar.com\/wp-content\/uploads\/2018\/05\/trasters_vilassar_trasteros_2018.jpg 940w, https:\/\/www.trastersvilassar.com\/wp-content\/uploads\/2018\/05\/trasters_vilassar_trasteros_2018-300x120.jpg 300w, https:\/\/www.trastersvilassar.com\/wp-content\/uploads\/2018\/05\/trasters_vilassar_trasteros_2018-640x256.jpg 640w, https:\/\/www.trastersvilassar.com\/wp-content\/uploads\/2018\/05\/trasters_vilassar_trasteros_2018-282x112.jpg 282w\" sizes=\"auto, (max-width: 940px) 100vw, 940px\" \/><\/a><\/figure>\n<\/div>\n\n\n\n<div class=\"wp-block-group alignfull has-base-2-background-color has-background has-global-padding is-layout-constrained wp-container-core-group-is-layout-669513ed wp-block-group-is-layout-constrained\" style=\"margin-top:0;margin-bottom:0;padding-top:var(--wp--preset--spacing--50);padding-right:var(--wp--preset--spacing--50);padding-bottom:var(--wp--preset--spacing--50);padding-left:var(--wp--preset--spacing--50)\">\n<div class=\"wp-block-group is-vertical is-content-justification-center is-layout-flex wp-container-core-group-is-layout-52b864f0 wp-block-group-is-layout-flex\">\n<h1 class=\"wp-block-heading has-text-align-center has-x-large-font-size\" style=\"font-style:normal;font-weight:700\"><a href=\"https:\/\/www.trastersvilassar.com\/es\/serveis\/\" title=\"Servicios\">Conoce nuestros trasteros!<\/a><\/h1>\n\n\n\n<div style=\"height:0px\" aria-hidden=\"true\" class=\"wp-block-spacer wp-container-content-4f2ccadb\"><\/div>\n\n\n\n<p class=\"has-text-align-center\">En Trasters Vilassar ofrecemos trasteros de diferentes medidas, desde 2 metros cuadrados y a partir de 50 euros al mes. Unos trasteros de nueva construcci\u00f3n, modernos, seguros y con las facilidades que necesites.<\/p>\n<\/div>\n\n\n\n<div style=\"margin-top:0;margin-bottom:0;height:var(--wp--preset--spacing--40)\" aria-hidden=\"true\" class=\"wp-block-spacer\"><\/div>\n\n\n\n<div class=\"wp-block-columns alignwide is-layout-flex wp-container-core-columns-is-layout-d0bbbce0 wp-block-columns-is-layout-flex\">\n<div class=\"wp-block-column is-layout-flow wp-container-core-column-is-layout-e3d1c41b wp-block-column-is-layout-flow\">\n<h3 class=\"wp-block-heading is-style-asterisk\" style=\"font-size:clamp(0.875rem, 0.875rem + ((1vw - 0.2rem) * 0.708), 1.3rem);font-style:normal;font-weight:600\">Trasteros de nueva construcci\u00f3n<\/h3>\n\n\n\n<p>Las obras de los trasteros finalizaron en septiembre de 2012. Con un dise\u00f1o atractivo, los trasteros disponen de puertas de acero con llave individualizada.<\/p>\n<\/div>\n\n\n\n<div class=\"wp-block-column is-layout-flow wp-container-core-column-is-layout-e3d1c41b wp-block-column-is-layout-flow\">\n<h2 class=\"wp-block-heading is-style-asterisk\" style=\"font-size:clamp(0.875rem, 0.875rem + ((1vw - 0.2rem) * 0.708), 1.3rem);font-style:normal;font-weight:600\">Trasteros seguros<\/h2>\n\n\n\n<p>El recinto de los trasteros est\u00e1 videovigilado las 24 horas al d\u00eda mediante un circuito cerrado de c\u00e1maras de televisi\u00f3n que graban tanto las puertas de acceso al recinto, como las puertas de los trasteros. Las im\u00e1genes de las c\u00e1maras de seguridad cubren todo el recinto.<\/p>\n<\/div>\n\n\n\n<div class=\"wp-block-column is-layout-flow wp-container-core-column-is-layout-e3d1c41b wp-block-column-is-layout-flow\">\n<h2 class=\"wp-block-heading is-style-asterisk\" style=\"font-size:clamp(0.875rem, 0.875rem + ((1vw - 0.2rem) * 0.708), 1.3rem);font-style:normal;font-weight:600\">Todas las facilidades<\/h2>\n\n\n\n<p>\u00bfNecesitas estanter\u00edas para distribuir mejor el espacio? Nosotros te las ponemos. Te ayudaremos a hacer tu trastero m\u00e1s c\u00f3modo. P\u00eddenos lo que necesites.<\/p>\n<\/div>\n\n\n\n<div class=\"wp-block-column is-layout-flow wp-container-core-column-is-layout-e3d1c41b wp-block-column-is-layout-flow\">\n<h2 class=\"wp-block-heading is-style-asterisk\" style=\"font-size:clamp(0.875rem, 0.875rem + ((1vw - 0.2rem) * 0.708), 1.3rem);font-style:normal;font-weight:600\">F\u00e1cil acceso<\/h2>\n\n\n\n<p>Puedes acceder a tu trastero con tu veh\u00edculo. De este modo podr\u00e1s cargar y descargar con todas las facilidades.<\/p>\n<\/div>\n<\/div>\n<\/div>\n\n\n\n<div class=\"wp-block-group has-contrast-2-background-color has-background has-global-padding is-layout-constrained wp-container-core-group-is-layout-f611be13 wp-block-group-is-layout-constrained\" style=\"padding-top:var(--wp--preset--spacing--50);padding-right:var(--wp--preset--spacing--50);padding-bottom:var(--wp--preset--spacing--50);padding-left:var(--wp--preset--spacing--50)\">\n<figure class=\"wp-block-gallery alignwide has-nested-images columns-2 is-cropped wp-block-gallery-6 is-layout-flex wp-block-gallery-is-layout-flex\">\n<figure class=\"wp-block-image size-large has-custom-border wp-duotone-unset-2\"><img loading=\"lazy\" decoding=\"async\" width=\"940\" height=\"392\" data-id=\"1434\" src=\"https:\/\/www.trastersvilassar.com\/wp-content\/uploads\/2018\/05\/trasters_vilassar_trasteros_videovigilados.jpg\" alt=\"\" class=\"wp-image-1434\" style=\"border-radius:40px\" srcset=\"https:\/\/www.trastersvilassar.com\/wp-content\/uploads\/2018\/05\/trasters_vilassar_trasteros_videovigilados.jpg 940w, https:\/\/www.trastersvilassar.com\/wp-content\/uploads\/2018\/05\/trasters_vilassar_trasteros_videovigilados-300x125.jpg 300w, https:\/\/www.trastersvilassar.com\/wp-content\/uploads\/2018\/05\/trasters_vilassar_trasteros_videovigilados-640x266.jpg 640w, https:\/\/www.trastersvilassar.com\/wp-content\/uploads\/2018\/05\/trasters_vilassar_trasteros_videovigilados-282x117.jpg 282w\" sizes=\"auto, (max-width: 940px) 100vw, 940px\" \/><\/figure>\n\n\n\n<figure class=\"wp-block-image size-large has-custom-border wp-duotone-unset-3\"><img loading=\"lazy\" decoding=\"async\" width=\"1000\" height=\"500\" data-id=\"1405\" src=\"https:\/\/www.trastersvilassar.com\/wp-content\/uploads\/2012\/09\/trastersvilassar-trasteros3.jpg\" alt=\"\" class=\"wp-image-1405\" style=\"border-radius:40px\" srcset=\"https:\/\/www.trastersvilassar.com\/wp-content\/uploads\/2012\/09\/trastersvilassar-trasteros3.jpg 1000w, https:\/\/www.trastersvilassar.com\/wp-content\/uploads\/2012\/09\/trastersvilassar-trasteros3-300x150.jpg 300w, https:\/\/www.trastersvilassar.com\/wp-content\/uploads\/2012\/09\/trastersvilassar-trasteros3-640x320.jpg 640w, https:\/\/www.trastersvilassar.com\/wp-content\/uploads\/2012\/09\/trastersvilassar-trasteros3-282x141.jpg 282w\" sizes=\"auto, (max-width: 1000px) 100vw, 1000px\" \/><\/figure>\n\n\n\n<figure class=\"wp-block-image size-large has-custom-border wp-duotone-unset-4\"><img loading=\"lazy\" decoding=\"async\" width=\"1000\" height=\"500\" data-id=\"1402\" src=\"https:\/\/www.trastersvilassar.com\/wp-content\/uploads\/2012\/09\/trastersvilassar-parquing81.jpg\" alt=\"\" class=\"wp-image-1402\" style=\"border-radius:40px\" srcset=\"https:\/\/www.trastersvilassar.com\/wp-content\/uploads\/2012\/09\/trastersvilassar-parquing81.jpg 1000w, https:\/\/www.trastersvilassar.com\/wp-content\/uploads\/2012\/09\/trastersvilassar-parquing81-300x150.jpg 300w, https:\/\/www.trastersvilassar.com\/wp-content\/uploads\/2012\/09\/trastersvilassar-parquing81-640x320.jpg 640w, https:\/\/www.trastersvilassar.com\/wp-content\/uploads\/2012\/09\/trastersvilassar-parquing81-282x141.jpg 282w\" sizes=\"auto, (max-width: 1000px) 100vw, 1000px\" \/><\/figure>\n\n\n\n<figure class=\"wp-block-image size-large has-custom-border wp-duotone-unset-5\"><img loading=\"lazy\" decoding=\"async\" width=\"1024\" height=\"683\" data-id=\"1429\" src=\"https:\/\/www.trastersvilassar.com\/wp-content\/uploads\/2018\/05\/trasters_vilassar_trasteros_2-1024x683.jpg\" alt=\"\" class=\"wp-image-1429\" style=\"border-radius:40px\" srcset=\"https:\/\/www.trastersvilassar.com\/wp-content\/uploads\/2018\/05\/trasters_vilassar_trasteros_2-1024x683.jpg 1024w, https:\/\/www.trastersvilassar.com\/wp-content\/uploads\/2018\/05\/trasters_vilassar_trasteros_2-300x200.jpg 300w, https:\/\/www.trastersvilassar.com\/wp-content\/uploads\/2018\/05\/trasters_vilassar_trasteros_2-640x427.jpg 640w, https:\/\/www.trastersvilassar.com\/wp-content\/uploads\/2018\/05\/trasters_vilassar_trasteros_2-282x188.jpg 282w\" sizes=\"auto, (max-width: 1024px) 100vw, 1024px\" \/><\/figure>\n<\/figure>\n<\/div>\n<\/main>","protected":false},"excerpt":{"rendered":"<p>No tens prou espai a casa? No saps on desar la roba de fora de temporada, els esqu\u00eds, la bicicleta\u2026? Has de fer una mudan\u00e7a i necessites espai? A Trasters Vilassar tenim l&#8217;espai que necessites. Oferim trasters de diferents mides que s\u2019adeq\u00fcen a les necessitats de cada persona, amb videovigilancia 24 hores al dia i [&hellip;]<\/p>\n","protected":false},"author":4,"featured_media":1492,"parent":0,"menu_order":0,"comment_status":"closed","ping_status":"closed","template":"page-no-title","meta":{"footnotes":""},"class_list":["post-641","page","type-page","status-publish","has-post-thumbnail","hentry"],"_links":{"self":[{"href":"https:\/\/www.trastersvilassar.com\/es\/wp-json\/wp\/v2\/pages\/641","targetHints":{"allow":["GET"]}}],"collection":[{"href":"https:\/\/www.trastersvilassar.com\/es\/wp-json\/wp\/v2\/pages"}],"about":[{"href":"https:\/\/www.trastersvilassar.com\/es\/wp-json\/wp\/v2\/types\/page"}],"author":[{"embeddable":true,"href":"https:\/\/www.trastersvilassar.com\/es\/wp-json\/wp\/v2\/users\/4"}],"replies":[{"embeddable":true,"href":"https:\/\/www.trastersvilassar.com\/es\/wp-json\/wp\/v2\/comments?post=641"}],"version-history":[{"count":71,"href":"https:\/\/www.trastersvilassar.com\/es\/wp-json\/wp\/v2\/pages\/641\/revisions"}],"predecessor-version":[{"id":1696,"href":"https:\/\/www.trastersvilassar.com\/es\/wp-json\/wp\/v2\/pages\/641\/revisions\/1696"}],"wp:featuredmedia":[{"embeddable":true,"href":"https:\/\/www.trastersvilassar.com\/es\/wp-json\/wp\/v2\/media\/1492"}],"wp:attachment":[{"href":"https:\/\/www.trastersvilassar.com\/es\/wp-json\/wp\/v2\/media?parent=641"}],"curies":[{"name":"wp","href":"https:\/\/api.w.org\/{rel}","templated":true}]}}