{"id":902,"date":"2012-09-15T07:42:03","date_gmt":"2012-09-15T07:42:03","guid":{"rendered":"http:\/\/www.trastersvilassar.com\/?page_id=902"},"modified":"2025-05-20T08:52:12","modified_gmt":"2025-05-20T08:52:12","slug":"serveis","status":"publish","type":"page","link":"https:\/\/www.trastersvilassar.com\/es\/serveis\/","title":{"rendered":"Servicios \u2013 Trasteros"},"content":{"rendered":"<div class=\"wp-block-cover alignfull\"><img loading=\"lazy\" decoding=\"async\" width=\"2816\" height=\"1880\" class=\"wp-block-cover__image-background wp-image-1430\" alt=\"\" src=\"https:\/\/www.trastersvilassar.com\/wp-content\/uploads\/2018\/05\/trasters_vilassar_trasteros.jpg\" data-object-fit=\"cover\" srcset=\"https:\/\/www.trastersvilassar.com\/wp-content\/uploads\/2018\/05\/trasters_vilassar_trasteros.jpg 2816w, https:\/\/www.trastersvilassar.com\/wp-content\/uploads\/2018\/05\/trasters_vilassar_trasteros-300x200.jpg 300w, https:\/\/www.trastersvilassar.com\/wp-content\/uploads\/2018\/05\/trasters_vilassar_trasteros-1024x683.jpg 1024w, https:\/\/www.trastersvilassar.com\/wp-content\/uploads\/2018\/05\/trasters_vilassar_trasteros-640x427.jpg 640w, https:\/\/www.trastersvilassar.com\/wp-content\/uploads\/2018\/05\/trasters_vilassar_trasteros-282x188.jpg 282w\" sizes=\"auto, (max-width: 2816px) 100vw, 2816px\" \/><span aria-hidden=\"true\" class=\"wp-block-cover__background has-contrast-background-color has-background-dim\"><\/span><div class=\"wp-block-cover__inner-container has-global-padding is-layout-constrained wp-block-cover-is-layout-constrained\">\n<h1 class=\"wp-block-heading has-text-align-center has-base-2-color has-text-color has-link-color has-x-large-font-size wp-elements-2252b0ed53796429834d811cc8d40297\" style=\"font-style:normal;font-weight:700\">En Trasters Vilassar disponemos del espacio que necesitas<\/h1>\n\n\n\n<div style=\"height:1.25rem\" aria-hidden=\"true\" class=\"wp-block-spacer\"><\/div>\n\n\n\n<p class=\"has-text-align-center\">Somos conocedores que cada persona es \u00fanica y por tanto, sus necesidades tambi\u00e9n lo son. Es por eso que ofrecemos trasteros de diferentes medidas que se adecuan a la necesidad de cada persona.<\/p>\n<\/div><\/div>\n\n\n\n<div class=\"wp-block-group alignwide is-vertical is-content-justification-center is-layout-flex wp-container-core-group-is-layout-52b864f0 wp-block-group-is-layout-flex\">\n<div style=\"margin-top:0;margin-bottom:0;height:0px\" aria-hidden=\"true\" class=\"wp-block-spacer wp-container-content-9d1f8957\"><\/div>\n\n\n\n<h1 class=\"wp-block-heading has-text-align-center has-x-large-font-size\" style=\"font-style:normal;font-weight:700\">\u00bfNo tienes suficiente espacio en casa?<\/h1>\n\n\n\n<h2 class=\"wp-block-heading has-text-align-center is-style-default has-large-font-size\">\u00bfNo sabes d\u00f3nde guardar la ropa de fuera de temporada, los esqu\u00eds, la bicicleta\u2026?<\/h2>\n\n\n\n<h2 class=\"wp-block-heading has-text-align-center is-style-default has-large-font-size\" style=\"font-style:normal;font-weight:700\">\u00bfTienes que hacer un traslado y necesitas espacio?<\/h2>\n\n\n\n<div style=\"margin-top:0;margin-bottom:0;height:0px\" aria-hidden=\"true\" class=\"wp-block-spacer wp-container-content-9d1f8957\"><\/div>\n\n\n\n<p>En Trasters Vilassar ofrecemos trasteros de diferentes medidas, desde 2 metros cuadrados y a partir de 50 euros al mes. <\/p>\n\n\n\n<p>Unos trasteros de nueva construcci\u00f3n, modernos, seguros y con las facilidades que necesites.<\/p>\n\n\n\n<div style=\"margin-top:0;margin-bottom:0;height:0px\" aria-hidden=\"true\" class=\"wp-block-spacer wp-container-content-9d1f8957\"><\/div>\n\n\n\n<div class=\"wp-block-buttons is-content-justification-center is-layout-flex wp-container-core-buttons-is-layout-a89b3969 wp-block-buttons-is-layout-flex\">\n<div class=\"wp-block-button\"><a class=\"wp-block-button__link wp-element-button\" href=\"https:\/\/www.trastersvilassar.com\/es\/contacte\/\">Cons\u00faltanos<\/a><\/div>\n\n\n\n<div class=\"wp-block-button\"><a class=\"wp-block-button__link wp-element-button\" href=\"https:\/\/www.trastersvilassar.com\/es\/galeria\/\">Ver fotos<\/a><\/div>\n<\/div>\n<\/div>\n\n\n\n<div class=\"wp-block-group alignfull has-base-2-background-color has-background has-global-padding is-layout-constrained wp-container-core-group-is-layout-669513ed wp-block-group-is-layout-constrained\" style=\"margin-top:0;margin-bottom:0;padding-top:var(--wp--preset--spacing--50);padding-right:var(--wp--preset--spacing--50);padding-bottom:var(--wp--preset--spacing--50);padding-left:var(--wp--preset--spacing--50)\">\n<div class=\"wp-block-columns alignwide is-layout-flex wp-container-core-columns-is-layout-d0bbbce0 wp-block-columns-is-layout-flex\">\n<div class=\"wp-block-column is-layout-flow wp-container-core-column-is-layout-e3d1c41b wp-block-column-is-layout-flow\">\n<h3 class=\"wp-block-heading is-style-asterisk\" style=\"font-size:clamp(0.875rem, 0.875rem + ((1vw - 0.2rem) * 0.708), 1.3rem);font-style:normal;font-weight:600\">Trasteros de nueva construcci\u00f3n<\/h3>\n\n\n\n<p>Las obras de los trasteros finalizaron en septiembre de 2012. Con un dise\u00f1o atractivo, los trasteros disponen de puertas de acero con llave individualizada.<\/p>\n<\/div>\n\n\n\n<div class=\"wp-block-column is-layout-flow wp-container-core-column-is-layout-e3d1c41b wp-block-column-is-layout-flow\">\n<h2 class=\"wp-block-heading is-style-asterisk\" style=\"font-size:clamp(0.875rem, 0.875rem + ((1vw - 0.2rem) * 0.708), 1.3rem);font-style:normal;font-weight:600\">Trasteros seguros<\/h2>\n\n\n\n<p>El recinto de los trasteros est\u00e1 videovigilado las 24 horas al d\u00eda mediante un circuito cerrado de c\u00e1maras de televisi\u00f3n que graban tanto las puertas de acceso al recinto, como las puertas de los trasteros. Las im\u00e1genes de las c\u00e1maras de seguridad cubren todo el recinto.<\/p>\n<\/div>\n\n\n\n<div class=\"wp-block-column is-layout-flow wp-container-core-column-is-layout-e3d1c41b wp-block-column-is-layout-flow\">\n<h2 class=\"wp-block-heading is-style-asterisk\" style=\"font-size:clamp(0.875rem, 0.875rem + ((1vw - 0.2rem) * 0.708), 1.3rem);font-style:normal;font-weight:600\">Todas las facilidades<\/h2>\n\n\n\n<p>\u00bfNecesitas estanter\u00edas para distribuir mejor el espacio? Nosotros te las ponemos. Te ayudaremos a hacer tu trastero m\u00e1s c\u00f3modo. P\u00eddenos lo que necesites.<\/p>\n<\/div>\n\n\n\n<div class=\"wp-block-column is-layout-flow wp-container-core-column-is-layout-e3d1c41b wp-block-column-is-layout-flow\">\n<h2 class=\"wp-block-heading is-style-asterisk\" style=\"font-size:clamp(0.875rem, 0.875rem + ((1vw - 0.2rem) * 0.708), 1.3rem);font-style:normal;font-weight:600\">F\u00e1cil acceso<\/h2>\n\n\n\n<p>Puedes acceder a tu trastero con tu veh\u00edculo. De este modo podr\u00e1s cargar y descargar con todas las facilidades.<\/p>\n<\/div>\n<\/div>\n<\/div>","protected":false},"excerpt":{"rendered":"<p>No tens prou espai a casa? No saps on desar la roba de fora de temporada, els esqu\u00eds, la bicicleta\u2026? Has de fer una mudan\u00e7a i necessites espai? A Trasters Vilassar oferim trasters de diferents mides, des de 2 metres quadrats i a partir de 50 euros al m\u00e9s. Uns trasters de nova construcci\u00f3, moderns, [&hellip;]<\/p>\n","protected":false},"author":4,"featured_media":0,"parent":0,"menu_order":0,"comment_status":"closed","ping_status":"closed","template":"","meta":{"footnotes":""},"class_list":["post-902","page","type-page","status-publish","hentry"],"_links":{"self":[{"href":"https:\/\/www.trastersvilassar.com\/es\/wp-json\/wp\/v2\/pages\/902","targetHints":{"allow":["GET"]}}],"collection":[{"href":"https:\/\/www.trastersvilassar.com\/es\/wp-json\/wp\/v2\/pages"}],"about":[{"href":"https:\/\/www.trastersvilassar.com\/es\/wp-json\/wp\/v2\/types\/page"}],"author":[{"embeddable":true,"href":"https:\/\/www.trastersvilassar.com\/es\/wp-json\/wp\/v2\/users\/4"}],"replies":[{"embeddable":true,"href":"https:\/\/www.trastersvilassar.com\/es\/wp-json\/wp\/v2\/comments?post=902"}],"version-history":[{"count":46,"href":"https:\/\/www.trastersvilassar.com\/es\/wp-json\/wp\/v2\/pages\/902\/revisions"}],"predecessor-version":[{"id":1698,"href":"https:\/\/www.trastersvilassar.com\/es\/wp-json\/wp\/v2\/pages\/902\/revisions\/1698"}],"wp:attachment":[{"href":"https:\/\/www.trastersvilassar.com\/es\/wp-json\/wp\/v2\/media?parent=902"}],"curies":[{"name":"wp","href":"https:\/\/api.w.org\/{rel}","templated":true}]}}